{"id":589,"date":"2019-09-10T14:05:10","date_gmt":"2019-09-10T12:05:10","guid":{"rendered":"https:\/\/www.intal.be\/?page_id=589"},"modified":"2025-07-23T10:40:37","modified_gmt":"2025-07-23T08:40:37","slug":"devenir-membre-lid-worden","status":"publish","type":"page","link":"https:\/\/www.intal.be\/nl\/devenir-membre-lid-worden\/","title":{"rendered":"Doe je mee met intal ? &#8211; Devenir membre intal"},"content":{"rendered":"<p><\/p>\n<h3><strong>Ik doe mee met intal &#8211; J&#8217;adh\u00e8re \u00e0 intal gratuitement : <\/strong><\/h3>\n\n<div class=\"wpcf7 no-js\" id=\"wpcf7-f659-o2\" lang=\"fr-FR\" dir=\"ltr\">\n<div class=\"screen-reader-response\"><p role=\"status\" aria-live=\"polite\" aria-atomic=\"true\"><\/p> <ul><\/ul><\/div>\n<form action=\"\/nl\/wp-json\/wp\/v2\/pages\/589#wpcf7-f659-o2\" method=\"post\" class=\"wpcf7-form init\" aria-label=\"Formulaire de contact\" novalidate=\"novalidate\" data-status=\"init\">\n<div style=\"display: none;\">\n<input type=\"hidden\" name=\"_wpcf7\" value=\"659\" \/>\n<input type=\"hidden\" name=\"_wpcf7_version\" value=\"5.7.7\" \/>\n<input type=\"hidden\" name=\"_wpcf7_locale\" value=\"fr_FR\" \/>\n<input type=\"hidden\" name=\"_wpcf7_unit_tag\" value=\"wpcf7-f659-o2\" \/>\n<input type=\"hidden\" name=\"_wpcf7_container_post\" value=\"0\" \/>\n<input type=\"hidden\" name=\"_wpcf7_posted_data_hash\" value=\"\" \/>\n<\/div>\n<p><span class=\"wpcf7-form-control-wrap\" data-name=\"Formulelidmaatschap\"><select class=\"wpcf7-form-control wpcf7-select wpcf7-validates-as-required\" aria-required=\"true\" aria-invalid=\"false\" name=\"Formulelidmaatschap\"><option value=\"Ik doe mee met intal  - J&#039;adh\u00e8re \u00e0 intal gratuitement\">Ik doe mee met intal  - J&#039;adh\u00e8re \u00e0 intal gratuitement<\/option><option value=\"Je deviens membre payant d&#039;intal - Ik word een betalend lid van intal\">Je deviens membre payant d&#039;intal - Ik word een betalend lid van intal<\/option><\/select><\/span>\n<\/p>\n<p><span class=\"wpcf7-form-control-wrap\" data-name=\"Naam\"><input size=\"40\" class=\"wpcf7-form-control wpcf7-text wpcf7-validates-as-required\" aria-required=\"true\" aria-invalid=\"false\" placeholder=\"Naam - Nom\" value=\"\" type=\"text\" name=\"Naam\" \/><\/span>\n<\/p>\n<p><span class=\"wpcf7-form-control-wrap\" data-name=\"Voornaam\"><input size=\"40\" class=\"wpcf7-form-control wpcf7-text wpcf7-validates-as-required\" aria-required=\"true\" aria-invalid=\"false\" placeholder=\"Voornaam - Pr\u00e9nom\" value=\"\" type=\"text\" name=\"Voornaam\" \/><\/span>\n<\/p>\n<p><span class=\"wpcf7-form-control-wrap\" data-name=\"Postcode\"><input size=\"40\" class=\"wpcf7-form-control wpcf7-text wpcf7-validates-as-required\" aria-required=\"true\" aria-invalid=\"false\" placeholder=\"Postcode - Code postal\" value=\"\" type=\"text\" name=\"Postcode\" \/><\/span><span class=\"wpcf7-form-control-wrap\" data-name=\"Plaats\"><input size=\"40\" class=\"wpcf7-form-control wpcf7-text wpcf7-validates-as-required\" aria-required=\"true\" aria-invalid=\"false\" placeholder=\"Plaats - Ville\" value=\"\" type=\"text\" name=\"Plaats\" \/><\/span><span class=\"wpcf7-form-control-wrap\" data-name=\"straatnaam\"><input size=\"40\" class=\"wpcf7-form-control wpcf7-text wpcf7-validates-as-required\" aria-required=\"true\" aria-invalid=\"false\" placeholder=\"straatnaam + nummer - nom de rue + num\u00e9ro\" value=\"\" type=\"text\" name=\"straatnaam\" \/><\/span>\n<\/p>\n<p><span class=\"wpcf7-form-control-wrap\" data-name=\"Geboortedatum\"><input size=\"40\" class=\"wpcf7-form-control wpcf7-text wpcf7-validates-as-required\" aria-required=\"true\" aria-invalid=\"false\" placeholder=\"Geboortedatum (dd\/mm\/jjjj) - Date de naissance (jj\/mm\/aaaa)\" value=\"\" type=\"text\" name=\"Geboortedatum\" \/><\/span>\n<\/p>\n<p><span class=\"wpcf7-form-control-wrap\" data-name=\"email-594\"><input size=\"40\" class=\"wpcf7-form-control wpcf7-text wpcf7-email wpcf7-validates-as-required wpcf7-validates-as-email\" aria-required=\"true\" aria-invalid=\"false\" placeholder=\"E-mailadres - email\" value=\"\" type=\"email\" name=\"email-594\" \/><\/span>\n<\/p>\n<p><span class=\"wpcf7-form-control-wrap\" data-name=\"Telefoonnummer\"><input size=\"40\" class=\"wpcf7-form-control wpcf7-text wpcf7-validates-as-required\" aria-required=\"true\" aria-invalid=\"false\" placeholder=\"Telefoonnummer - num\u00e9ro de t\u00e9l\u00e9phone\" value=\"\" type=\"text\" name=\"Telefoonnummer\" \/><\/span>\n<\/p>\n<p><span class=\"wpcf7-form-control-wrap\" data-name=\"menu-110\"><select class=\"wpcf7-form-control wpcf7-select wpcf7-validates-as-required\" aria-required=\"true\" aria-invalid=\"false\" name=\"menu-110\"><option value=\"\">&#8212;Veuillez choisir une option&#8212;<\/option><option value=\"French\">French<\/option><option value=\"Dutch\">Dutch<\/option><option value=\"English\">English<\/option><\/select><\/span>\n<\/p>\n<p><span class=\"wpcf7-form-control-wrap\" data-name=\"checkbox-41\"><span class=\"wpcf7-form-control wpcf7-checkbox wpcf7-validates-as-required\"><span class=\"wpcf7-list-item first\"><label><input type=\"checkbox\" name=\"checkbox-41[]\" value=\"Palestine \/ Palestina\" \/><span class=\"wpcf7-list-item-label\">Palestine \/ Palestina<\/span><\/label><\/span><span class=\"wpcf7-list-item\"><label><input type=\"checkbox\" name=\"checkbox-41[]\" value=\"Paix \/ Vrede\" \/><span class=\"wpcf7-list-item-label\">Paix \/ Vrede<\/span><\/label><\/span><span class=\"wpcf7-list-item\"><label><input type=\"checkbox\" name=\"checkbox-41[]\" value=\"Am\u00e9rique Latine \/ Latijns-Amerika\" \/><span class=\"wpcf7-list-item-label\">Am\u00e9rique Latine \/ Latijns-Amerika<\/span><\/label><\/span><span class=\"wpcf7-list-item last\"><label><input type=\"checkbox\" name=\"checkbox-41[]\" value=\"Afrique \/ Afrika\" \/><span class=\"wpcf7-list-item-label\">Afrique \/ Afrika<\/span><\/label><\/span><\/span><\/span>\n<\/p>\n<p><span class=\"wpcf7-form-control-wrap\" data-name=\"IBAN\"><input size=\"40\" class=\"wpcf7-form-control wpcf7-text\" aria-invalid=\"false\" placeholder=\"IBAN\" value=\"\" type=\"text\" name=\"IBAN\" \/><\/span>\n<\/p>\n<p><span class=\"wpcf7-form-control-wrap\" data-name=\"cotisation\"><select class=\"wpcf7-form-control wpcf7-select\" aria-invalid=\"false\" name=\"cotisation\"><option value=\"\">&#8212;Veuillez choisir une option&#8212;<\/option><option value=\"5\u20ac per maand\">5\u20ac per maand<\/option><option value=\"10\u20ac per maand\">10\u20ac per maand<\/option><option value=\"20\u20ac per maand\">20\u20ac per maand<\/option><option value=\"20\u20ac per jaar\">20\u20ac per jaar<\/option><option value=\"50\u20ac per jaar\">50\u20ac per jaar<\/option><option value=\"100\u20ac per jaar\">100\u20ac per jaar<\/option><\/select><\/span>\n<\/p>\n<p><span class=\"wpcf7-form-control-wrap\" data-name=\"Autorisation\"><span class=\"wpcf7-form-control wpcf7-checkbox\"><span class=\"wpcf7-list-item first last\"><label><input type=\"checkbox\" name=\"Autorisation[]\" value=\"Ja, ik geef intal Globalize Solidarity toestemming om een bankdomicili\u00ebring op te zetten.\" \/><span class=\"wpcf7-list-item-label\">Ja, ik geef intal Globalize Solidarity toestemming om een bankdomicili\u00ebring op te zetten.<\/span><\/label><\/span><\/span><\/span>\n<\/p>\n<p><div id=\"cf7sr-69e18c0e1dbbd\" class=\"cf7sr-g-recaptcha\" data-theme=\"light\" data-type=\"image\" data-size=\"normal\" data-sitekey=\"6LcZH9IUAAAAADclkTSPKxkSK1fha1QgMiiXm39A\"><\/div><span class=\"wpcf7-form-control-wrap cf7sr-recaptcha\" data-name=\"cf7sr-recaptcha\"><input type=\"hidden\" name=\"cf7sr-recaptcha\" value=\"\" class=\"wpcf7-form-control\"><\/span><br \/>\n<input class=\"wpcf7-form-control has-spinner wpcf7-submit\" type=\"submit\" value=\"Verzenden - envoyer\" \/>\n<\/p><div class=\"wpcf7-response-output\" aria-hidden=\"true\"><\/div>\n<\/form>\n<\/div>\n\n<p>FR :<\/p>\n<p>Avec intal, nous voulons du changement, parce que le monde ne tourne pas comme nous le voulons. Ensemble, nous construisons un grand mouvement de solidarit\u00e9 internationale. Nous travaillons \u00e0 la construction d&#8217;un mouvement pour la paix, mettons en place des actions concr\u00e8tes de soutien au peuple palestinien, sommes actifs dans le mouvement de d\u00e9colonisation, soutenons les mouvements populaires en Am\u00e9rique latine et ailleurs dans le monde. Nous voulons aller vers un monde plus inclusif, et pour cela nous avons besoin de vous !<\/p>\n<p>Allez-vous rejoindre intal ? Rejoignez-nous et laissez vos coordonn\u00e9es ici. <strong>Rejoindre intal est GRATUIT. Tout ce que nous demandons, c&#8217;est la volont\u00e9 de transformer l&#8217;indignation en action !<\/strong><\/p>\n<p><strong>Vous souhaitez \u00e9galement nous donner un coup de pouce financier pour que nous puissions poursuivre nos campagnes ? Devenez ensuite un membre de soutien pour 10, 25, 40, 50, 100 \u2026 euros\/an.<\/strong><\/p>\n<p>Let\u2019s Globalize Solidarity!<\/p>\n<p><strong>Vous pr\u00e9f\u00e9rez faire un don unique ?<\/strong> Voici notre num\u00e9ro de compte intal, merci !\u00a0 BE44 5230 8068 1645.<\/p>\n<p>NL :<\/p>\n<p>Met intal willen we verandering, want de wereld draait niet zoals wij ze willen. Samen bouwen we aan een grote beweging voor internationale solidariteit. We werken aan de uitbouw van een vredesbeweging, zetten concrete acties op in steun van de Palestijnse bevolking, zijn actief in de dekoloniseringsbeweging, steunen volksbewegingen in Latijns-Amerika en elders in de wereld. Wij willen gaan voor een meer solidaire wereld, en daarvoor hebben we jou nodig!<\/p>\n<p>Doe jij mee met intal? Sluit je bij ons aan en laat hier je gegevens achter. <strong>Lid worden van intal kan GRATIS. Het enige wat we vragen is de wil om verontwaardiging om te zetten in actie!<\/strong><\/p>\n<p><strong>Wil je ons ook graag een financieel een duwtje geven zodat we onze campagnes kunnen blijven voeren?\u00a0 Word dan steunend lid voor 10, 25, 40, 50, 100 \u2026 euros\/jaar<\/strong><\/p>\n<p>Let\u2019s Globalize Solidarity!<\/p>\n<p><strong>Wil je liever een eenmalige gift doen? En op zoek<\/strong> naar ons rekeningnummer, dat vind je hier: intal BE44 5230 8068 1645.<\/p>\n<p>&nbsp;<\/p>","protected":false},"excerpt":{"rendered":"<p>Ik doe mee met intal &#8211; J&#8217;adh\u00e8re \u00e0 intal gratuitement : FR : Avec intal, nous voulons du changement, parce que le monde ne tourne pas comme nous le voulons. Ensemble, nous construisons un grand mouvement de solidarit\u00e9 internationale. Nous travaillons \u00e0 la construction d&#8217;un mouvement pour la paix, mettons en place des actions concr\u00e8tes [&hellip;]<\/p>\n","protected":false},"author":1,"featured_media":4971,"parent":0,"menu_order":0,"comment_status":"closed","ping_status":"closed","template":"","meta":[],"_links":{"self":[{"href":"https:\/\/www.intal.be\/nl\/wp-json\/wp\/v2\/pages\/589"}],"collection":[{"href":"https:\/\/www.intal.be\/nl\/wp-json\/wp\/v2\/pages"}],"about":[{"href":"https:\/\/www.intal.be\/nl\/wp-json\/wp\/v2\/types\/page"}],"author":[{"embeddable":true,"href":"https:\/\/www.intal.be\/nl\/wp-json\/wp\/v2\/users\/1"}],"replies":[{"embeddable":true,"href":"https:\/\/www.intal.be\/nl\/wp-json\/wp\/v2\/comments?post=589"}],"version-history":[{"count":35,"href":"https:\/\/www.intal.be\/nl\/wp-json\/wp\/v2\/pages\/589\/revisions"}],"predecessor-version":[{"id":4442,"href":"https:\/\/www.intal.be\/nl\/wp-json\/wp\/v2\/pages\/589\/revisions\/4442"}],"wp:featuredmedia":[{"embeddable":true,"href":"https:\/\/www.intal.be\/nl\/wp-json\/wp\/v2\/media\/4971"}],"wp:attachment":[{"href":"https:\/\/www.intal.be\/nl\/wp-json\/wp\/v2\/media?parent=589"}],"curies":[{"name":"wp","href":"https:\/\/api.w.org\/{rel}","templated":true}]}}