{"id":492,"date":"2019-09-09T10:12:10","date_gmt":"2019-09-09T08:12:10","guid":{"rendered":"https:\/\/www.intal.be\/?page_id=492"},"modified":"2019-10-24T12:44:48","modified_gmt":"2019-10-24T10:44:48","slug":"palestine-palestina","status":"publish","type":"page","link":"https:\/\/www.intal.be\/nl\/groupes\/palestine-palestina\/","title":{"rendered":"Brussel Palestina"},"content":{"rendered":"\t\t<div data-elementor-type=\"wp-post\" data-elementor-id=\"492\" class=\"elementor elementor-492\">\n\t\t\t\t\t\t\t\t\t<section class=\"elementor-section elementor-top-section elementor-element elementor-element-ec67c42 elementor-section-boxed elementor-section-height-default elementor-section-height-default\" data-id=\"ec67c42\" data-element_type=\"section\">\n\t\t\t\t\t\t<div class=\"elementor-container elementor-column-gap-default\">\n\t\t\t\t\t<div class=\"elementor-column elementor-col-100 elementor-top-column elementor-element elementor-element-86c06ad\" data-id=\"86c06ad\" data-element_type=\"column\">\n\t\t\t<div class=\"elementor-widget-wrap elementor-element-populated\">\n\t\t\t\t\t\t\t\t<div class=\"elementor-element elementor-element-95938f0 elementor-widget elementor-widget-heading\" data-id=\"95938f0\" data-element_type=\"widget\" data-widget_type=\"heading.default\">\n\t\t\t\t<div class=\"elementor-widget-container\">\n\t\t\t<h2 class=\"elementor-heading-title elementor-size-default\">Brussel Palestina<\/h2>\t\t<\/div>\n\t\t\t\t<\/div>\n\t\t\t\t\t<\/div>\n\t\t<\/div>\n\t\t\t\t\t\t\t<\/div>\n\t\t<\/section>\n\t\t\t\t<section class=\"elementor-section elementor-top-section elementor-element elementor-element-9cb2a71 elementor-section-boxed elementor-section-height-default elementor-section-height-default\" data-id=\"9cb2a71\" data-element_type=\"section\">\n\t\t\t\t\t\t<div class=\"elementor-container elementor-column-gap-default\">\n\t\t\t\t\t<div class=\"elementor-column elementor-col-100 elementor-top-column elementor-element elementor-element-10f35d3\" data-id=\"10f35d3\" data-element_type=\"column\">\n\t\t\t<div class=\"elementor-widget-wrap elementor-element-populated\">\n\t\t\t\t\t\t\t\t<div class=\"elementor-element elementor-element-05ee25c elementor-widget elementor-widget-text-editor\" data-id=\"05ee25c\" data-element_type=\"widget\" data-widget_type=\"text-editor.default\">\n\t\t\t\t<div class=\"elementor-widget-container\">\n\t\t\t\t\t\t\t<p> intal Brussel Palestina is de Brusselse intal werking actief rond Palestina. De vrijwilligers komen regelmatig samen en zetten solidariteitsinitiatieven op die de Isra\u00eblische bezetting van Palestina aanklagen. Zo onderschrijft de groep de BDS campagne (Boycot, Desinvesteer, Sancties tegen Isra\u00ebl). Zin om mee te doen? Contacteer <a href=\"mailto:bxl.palestine@www.intal.be\" target=\"_blank\" rel=\"noopener\">bxl.palestine@www.intal.be<\/a> &#8211; Je kan de groep ook volgen via <a href=\"http:\/\/www.facebook.com\/IntalPalestineBrussels\/\" target=\"_blank\" rel=\"noopener\">hun facebookpagina<\/a>.<\/p><p><\/p>\t\t\t\t\t\t<\/div>\n\t\t\t\t<\/div>\n\t\t\t\t\t<\/div>\n\t\t<\/div>\n\t\t\t\t\t\t\t<\/div>\n\t\t<\/section>\n\t\t\t\t<section class=\"elementor-section elementor-top-section elementor-element elementor-element-8363cf4 elementor-section-boxed elementor-section-height-default elementor-section-height-default\" data-id=\"8363cf4\" data-element_type=\"section\">\n\t\t\t\t\t\t<div class=\"elementor-container elementor-column-gap-default\">\n\t\t\t\t\t<div class=\"elementor-column elementor-col-100 elementor-top-column elementor-element elementor-element-ebbf48c\" data-id=\"ebbf48c\" data-element_type=\"column\">\n\t\t\t<div class=\"elementor-widget-wrap elementor-element-populated\">\n\t\t\t\t\t\t\t\t<div class=\"elementor-element elementor-element-aca0049 elementor-widget-divider--view-line elementor-widget elementor-widget-divider\" data-id=\"aca0049\" data-element_type=\"widget\" data-widget_type=\"divider.default\">\n\t\t\t\t<div class=\"elementor-widget-container\">\n\t\t\t\t\t<div class=\"elementor-divider\">\n\t\t\t<span class=\"elementor-divider-separator\">\n\t\t\t\t\t\t<\/span>\n\t\t<\/div>\n\t\t\t\t<\/div>\n\t\t\t\t<\/div>\n\t\t\t\t\t<\/div>\n\t\t<\/div>\n\t\t\t\t\t\t\t<\/div>\n\t\t<\/section>\n\t\t\t\t<section class=\"elementor-section elementor-top-section elementor-element elementor-element-bd03aba elementor-section-boxed elementor-section-height-default elementor-section-height-default\" data-id=\"bd03aba\" data-element_type=\"section\">\n\t\t\t\t\t\t<div class=\"elementor-container elementor-column-gap-default\">\n\t\t\t\t\t<div class=\"elementor-column elementor-col-100 elementor-top-column elementor-element elementor-element-75d690d\" data-id=\"75d690d\" data-element_type=\"column\">\n\t\t\t<div class=\"elementor-widget-wrap elementor-element-populated\">\n\t\t\t\t\t\t\t\t\t<\/div>\n\t\t<\/div>\n\t\t\t\t\t\t\t<\/div>\n\t\t<\/section>\n\t\t\t\t<section class=\"elementor-section elementor-top-section elementor-element elementor-element-5b71696 elementor-section-boxed elementor-section-height-default elementor-section-height-default\" data-id=\"5b71696\" data-element_type=\"section\">\n\t\t\t\t\t\t<div class=\"elementor-container elementor-column-gap-default\">\n\t\t\t\t\t<div class=\"elementor-column elementor-col-100 elementor-top-column elementor-element elementor-element-c7159e8\" data-id=\"c7159e8\" data-element_type=\"column\">\n\t\t\t<div class=\"elementor-widget-wrap elementor-element-populated\">\n\t\t\t\t\t\t\t\t<div class=\"elementor-element elementor-element-4a89675 elementor-widget-divider--view-line elementor-widget elementor-widget-divider\" data-id=\"4a89675\" data-element_type=\"widget\" data-widget_type=\"divider.default\">\n\t\t\t\t<div class=\"elementor-widget-container\">\n\t\t\t\t\t<div class=\"elementor-divider\">\n\t\t\t<span class=\"elementor-divider-separator\">\n\t\t\t\t\t\t<\/span>\n\t\t<\/div>\n\t\t\t\t<\/div>\n\t\t\t\t<\/div>\n\t\t\t\t\t<\/div>\n\t\t<\/div>\n\t\t\t\t\t\t\t<\/div>\n\t\t<\/section>\n\t\t\t\t<section class=\"elementor-section elementor-top-section elementor-element elementor-element-d8fde8c elementor-section-boxed elementor-section-height-default elementor-section-height-default\" data-id=\"d8fde8c\" data-element_type=\"section\">\n\t\t\t\t\t\t<div class=\"elementor-container elementor-column-gap-default\">\n\t\t\t\t\t<div class=\"elementor-column elementor-col-100 elementor-top-column elementor-element elementor-element-8832a89\" data-id=\"8832a89\" data-element_type=\"column\">\n\t\t\t<div class=\"elementor-widget-wrap elementor-element-populated\">\n\t\t\t\t\t\t\t\t<div class=\"elementor-element elementor-element-dbb5e66 elementor-widget elementor-widget-wp-widget-bwp-actu-widget\" data-id=\"dbb5e66\" data-element_type=\"widget\" data-widget_type=\"wp-widget-bwp-actu-widget.default\">\n\t\t\t\t<div class=\"elementor-widget-container\">\n\t\t\t                        <h5>Actualiteit<\/h5>          <div class=\"actuagendawidgetflex\">\r\n                    \r\n                <div class=\"actuagendawidget\">\r\n               <div class=\"actuagendaimg\"><a href=\"https:\/\/www.intal.be\/nl\/oproep-stop-mee-de-container-geen-wapens-voor-genocide\/\"> <img width=\"300\" height=\"170\" src=\"https:\/\/www.intal.be\/wp-content\/uploads\/2025\/07\/Final-Slide-1-2-300x170.png\" class=\"attachment-seizeneufsmall size-seizeneufsmall wp-post-image\" alt=\"\" loading=\"lazy\" \/><\/a><\/div>\r\n                    <h5><a href=\"https:\/\/www.intal.be\/nl\/oproep-stop-mee-de-container-geen-wapens-voor-genocide\/\">OPROEP: Stop mee de container- geen wapens voor genocide<\/a><\/h5>\r\n               \r\n           <div class=\"actuagendaimgdate\">01\/07\/25<\/div>\r\n\r\n                <\/div>\r\n                    \r\n                <div class=\"actuagendawidget\">\r\n               <div class=\"actuagendaimg\"><a href=\"https:\/\/www.intal.be\/nl\/cities-4-palestine\/\"> <img width=\"300\" height=\"170\" src=\"https:\/\/www.intal.be\/wp-content\/uploads\/2025\/05\/Info-session-Intal-Site-Web-3-300x170.png\" class=\"attachment-seizeneufsmall size-seizeneufsmall wp-post-image\" alt=\"\" loading=\"lazy\" srcset=\"https:\/\/www.intal.be\/wp-content\/uploads\/2025\/05\/Info-session-Intal-Site-Web-3-300x170.png 300w, https:\/\/www.intal.be\/wp-content\/uploads\/2025\/05\/Info-session-Intal-Site-Web-3-1024x576.png 1024w, https:\/\/www.intal.be\/wp-content\/uploads\/2025\/05\/Info-session-Intal-Site-Web-3-768x432.png 768w, https:\/\/www.intal.be\/wp-content\/uploads\/2025\/05\/Info-session-Intal-Site-Web-3.png 1366w\" sizes=\"(max-width: 300px) 100vw, 300px\" \/><\/a><\/div>\r\n                    <h5><a href=\"https:\/\/www.intal.be\/nl\/cities-4-palestine\/\">Cities 4 Palestine<\/a><\/h5>\r\n               \r\n           <div class=\"actuagendaimgdate\">08\/05\/25<\/div>\r\n\r\n                <\/div>\r\n                    \r\n                <div class=\"actuagendawidget\">\r\n               <div class=\"actuagendaimg\"><a href=\"https:\/\/www.intal.be\/nl\/campus-intal-2025\/\"> <img width=\"300\" height=\"170\" src=\"https:\/\/www.intal.be\/wp-content\/uploads\/2025\/01\/Banner-Google-Form-INTAL-CAMPUS-Site-Web-300x170.png\" class=\"attachment-seizeneufsmall size-seizeneufsmall wp-post-image\" alt=\"\" loading=\"lazy\" srcset=\"https:\/\/www.intal.be\/wp-content\/uploads\/2025\/01\/Banner-Google-Form-INTAL-CAMPUS-Site-Web-300x170.png 300w, https:\/\/www.intal.be\/wp-content\/uploads\/2025\/01\/Banner-Google-Form-INTAL-CAMPUS-Site-Web.png 683w\" sizes=\"(max-width: 300px) 100vw, 300px\" \/><\/a><\/div>\r\n                    <h5><a href=\"https:\/\/www.intal.be\/nl\/campus-intal-2025\/\">INTAL CAMPUS 2025<\/a><\/h5>\r\n               \r\n           <div class=\"actuagendaimgdate\">29\/01\/25<\/div>\r\n\r\n                <\/div>\r\n                    \r\n                <div class=\"actuagendawidget\">\r\n               <div class=\"actuagendaimg\"><a href=\"https:\/\/www.intal.be\/nl\/cities-for-palestine-mettons-fin-a-la-complicite-avec-le-genocide-en-palestine-%c2%b7-agissons-maintenant\/\"> <img width=\"300\" height=\"170\" src=\"https:\/\/www.intal.be\/wp-content\/uploads\/2025\/01\/2024-embargo-militaire-petitie-2-300x170.png\" class=\"attachment-seizeneufsmall size-seizeneufsmall wp-post-image\" alt=\"\" loading=\"lazy\" srcset=\"https:\/\/www.intal.be\/wp-content\/uploads\/2025\/01\/2024-embargo-militaire-petitie-2-300x170.png 300w, https:\/\/www.intal.be\/wp-content\/uploads\/2025\/01\/2024-embargo-militaire-petitie-2.png 683w\" sizes=\"(max-width: 300px) 100vw, 300px\" \/><\/a><\/div>\r\n                    <h5><a href=\"https:\/\/www.intal.be\/nl\/cities-for-palestine-mettons-fin-a-la-complicite-avec-le-genocide-en-palestine-%c2%b7-agissons-maintenant\/\">Cities for Palestine : Mettons fin \u00e0 la complicit\u00e9 avec le g\u00e9nocide en Palestine \u00b7 Agissons maintenant !<\/a><\/h5>\r\n               \r\n           <div class=\"actuagendaimgdate\">24\/01\/25<\/div>\r\n\r\n                <\/div>\r\n                    \r\n                <div class=\"actuagendawidget\">\r\n               <div class=\"actuagendaimg\"><a href=\"https:\/\/www.intal.be\/nl\/open-letter-defend-the-defenders-2024\/\"> <img width=\"300\" height=\"170\" src=\"https:\/\/www.intal.be\/wp-content\/uploads\/2025\/01\/dfd25-300x170.png\" class=\"attachment-seizeneufsmall size-seizeneufsmall wp-post-image\" alt=\"\" loading=\"lazy\" \/><\/a><\/div>\r\n                    <h5><a href=\"https:\/\/www.intal.be\/nl\/open-letter-defend-the-defenders-2024\/\">Open Letter : Defend the Defenders 2024<\/a><\/h5>\r\n               \r\n           <div class=\"actuagendaimgdate\">15\/01\/25<\/div>\r\n\r\n                <\/div>\r\n                       <\/div>\r\n                        \t\t<\/div>\n\t\t\t\t<\/div>\n\t\t\t\t\t<\/div>\n\t\t<\/div>\n\t\t\t\t\t\t\t<\/div>\n\t\t<\/section>\n\t\t\t\t\t\t\t<\/div>\n\t\t","protected":false},"excerpt":{"rendered":"<p>Brussel Palestina intal Brussel Palestina is de Brusselse intal werking actief rond Palestina. De vrijwilligers komen regelmatig samen en zetten solidariteitsinitiatieven op die de Isra\u00eblische bezetting van Palestina aanklagen. Zo onderschrijft de groep de BDS campagne (Boycot, Desinvesteer, Sancties tegen Isra\u00ebl). Zin om mee te doen? Contacteer bxl.palestine@www.intal.be &#8211; Je kan de groep ook volgen [&hellip;]<\/p>\n","protected":false},"author":1,"featured_media":0,"parent":495,"menu_order":0,"comment_status":"closed","ping_status":"closed","template":"elementor_header_footer","meta":[],"_links":{"self":[{"href":"https:\/\/www.intal.be\/nl\/wp-json\/wp\/v2\/pages\/492"}],"collection":[{"href":"https:\/\/www.intal.be\/nl\/wp-json\/wp\/v2\/pages"}],"about":[{"href":"https:\/\/www.intal.be\/nl\/wp-json\/wp\/v2\/types\/page"}],"author":[{"embeddable":true,"href":"https:\/\/www.intal.be\/nl\/wp-json\/wp\/v2\/users\/1"}],"replies":[{"embeddable":true,"href":"https:\/\/www.intal.be\/nl\/wp-json\/wp\/v2\/comments?post=492"}],"version-history":[{"count":8,"href":"https:\/\/www.intal.be\/nl\/wp-json\/wp\/v2\/pages\/492\/revisions"}],"predecessor-version":[{"id":1219,"href":"https:\/\/www.intal.be\/nl\/wp-json\/wp\/v2\/pages\/492\/revisions\/1219"}],"up":[{"embeddable":true,"href":"https:\/\/www.intal.be\/nl\/wp-json\/wp\/v2\/pages\/495"}],"wp:attachment":[{"href":"https:\/\/www.intal.be\/nl\/wp-json\/wp\/v2\/media?parent=492"}],"curies":[{"name":"wp","href":"https:\/\/api.w.org\/{rel}","templated":true}]}}