{"id":488,"date":"2019-09-09T10:09:03","date_gmt":"2019-09-09T08:09:03","guid":{"rendered":"https:\/\/www.intal.be\/?page_id=488"},"modified":"2020-04-29T12:12:03","modified_gmt":"2020-04-29T10:12:03","slug":"congo","status":"publish","type":"page","link":"https:\/\/www.intal.be\/nl\/groupes\/congo\/","title":{"rendered":"Brussel Congo"},"content":{"rendered":"\t\t<div data-elementor-type=\"wp-post\" data-elementor-id=\"488\" class=\"elementor elementor-488\">\n\t\t\t\t\t\t\t\t\t<section class=\"elementor-section elementor-top-section elementor-element elementor-element-ec67c42 elementor-section-boxed elementor-section-height-default elementor-section-height-default\" data-id=\"ec67c42\" data-element_type=\"section\">\n\t\t\t\t\t\t<div class=\"elementor-container elementor-column-gap-default\">\n\t\t\t\t\t<div class=\"elementor-column elementor-col-100 elementor-top-column elementor-element elementor-element-86c06ad\" data-id=\"86c06ad\" data-element_type=\"column\">\n\t\t\t<div class=\"elementor-widget-wrap elementor-element-populated\">\n\t\t\t\t\t\t\t\t<div class=\"elementor-element elementor-element-95938f0 elementor-widget elementor-widget-heading\" data-id=\"95938f0\" data-element_type=\"widget\" data-widget_type=\"heading.default\">\n\t\t\t\t<div class=\"elementor-widget-container\">\n\t\t\t<h2 class=\"elementor-heading-title elementor-size-default\">Congo<\/h2>\t\t<\/div>\n\t\t\t\t<\/div>\n\t\t\t\t\t<\/div>\n\t\t<\/div>\n\t\t\t\t\t\t\t<\/div>\n\t\t<\/section>\n\t\t\t\t<section class=\"elementor-section elementor-top-section elementor-element elementor-element-9cb2a71 elementor-section-boxed elementor-section-height-default elementor-section-height-default\" data-id=\"9cb2a71\" data-element_type=\"section\">\n\t\t\t\t\t\t<div class=\"elementor-container elementor-column-gap-default\">\n\t\t\t\t\t<div class=\"elementor-column elementor-col-100 elementor-top-column elementor-element elementor-element-10f35d3\" data-id=\"10f35d3\" data-element_type=\"column\">\n\t\t\t<div class=\"elementor-widget-wrap elementor-element-populated\">\n\t\t\t\t\t\t\t\t<div class=\"elementor-element elementor-element-05ee25c elementor-widget elementor-widget-text-editor\" data-id=\"05ee25c\" data-element_type=\"widget\" data-widget_type=\"text-editor.default\">\n\t\t\t\t<div class=\"elementor-widget-container\">\n\t\t\t\t\t\t\t<p><\/p><p><span style=\"font-weight: 400;\">De Intal Congo groep zet zich in voor dekolonisatie, de bevordering van de internationale solidariteit en het anti-imperialisme.\u00a0<\/span><\/p><p><span style=\"font-weight: 400;\">In de Belgische en Europese context zijn wij van mening dat de dekolonisatie een belangrijk instrument is om het systematische racisme in onze maatschappij te bestrijden.<\/span><\/p><p><span style=\"font-weight: 400;\">Terwijl het kolonialisme de exploitatie van de natuurlijke rijkdommen, het land en de lokale bevolking in het Globale Zuiden mogelijk heeft gemaakt, heeft het een paternalistisch en minachtend discours gecre\u00eberd dat bijdraagt aan het systematische racisme dat vandaag nog steeds diepe sporen nalaat op onze samenleving.\u00a0 Het kapitalisme, dat mens en natuur ten dienste stelt van winstmaximalisatie, heeft aan het racisme steeds een handige bondgenoot gehad.<\/span><\/p><p><span style=\"font-weight: 400;\">Na de onafhankelijkheidsstrijd van de meerderheid van de Afrikaanse volkeren in de jaren vijftig van de vorige eeuw is het Europees imperialisme niet verdwenen, maar heeft het zijn strategie veranderd en zet het zich voort door middel van vrijhandelsakkoorden ten gunste van het Westen, chantage via het opleggen van illegitieme schuldbetalingen, onophoudelijke inmenging van Europese landen in de interne aangelegenheden van Afrikaanse landen, humanitair paternalisme, enz.<\/span><\/p><p><span style=\"font-weight: 400;\">Intal Congo verzet zich tegen het neokolonialisme van het Westen en de internationale instellingen (zoals het IMF en de Wereldbank) ten dienste van de multinationals en de banken. Het doel is hierbij\u00a0 de strijd voor de zelfbeschikking van het Congolese volk en de Afrikanen in het algemeen te bevorderen: enerzijds door de strijd aan te binden tegen het roofbeleid van de Belgische en Europese politieke en economische elites, dat indruist tegen de belangen van het volk van het continent, en anderzijds door solidariteitsinitiatieven te ontplooien met sociaal-maatschappelijke bewegingen in Congo en op het Afrikaanse continent. We streven naar evenwichtige betrekkingen tussen Belgi\u00eb en Congo, en tussen Afrika en Europa in het algemeen. <\/span><\/p><p>Zin om mee te doen? Contacteer <a href=\"mailto:congo@www.intal.be\" target=\"_blank\" rel=\"noopener\">congo@www.intal.be<\/a> &#8211; Je kan de groep ook volgen via <a href=\"http:\/\/www.facebook.com\/intalcongo\/\" target=\"_blank\" rel=\"noopener\">hun facebookpagina<\/a>.<\/p><p>\u00a0<\/p>\t\t\t\t\t\t<\/div>\n\t\t\t\t<\/div>\n\t\t\t\t\t<\/div>\n\t\t<\/div>\n\t\t\t\t\t\t\t<\/div>\n\t\t<\/section>\n\t\t\t\t<section class=\"elementor-section elementor-top-section elementor-element elementor-element-dca185b elementor-section-boxed elementor-section-height-default elementor-section-height-default\" data-id=\"dca185b\" data-element_type=\"section\">\n\t\t\t\t\t\t<div class=\"elementor-container elementor-column-gap-default\">\n\t\t\t\t\t<div class=\"elementor-column elementor-col-100 elementor-top-column elementor-element elementor-element-15ce79a\" data-id=\"15ce79a\" data-element_type=\"column\">\n\t\t\t<div class=\"elementor-widget-wrap elementor-element-populated\">\n\t\t\t\t\t\t\t\t<div class=\"elementor-element elementor-element-555ad32 elementor-widget-divider--view-line elementor-widget elementor-widget-divider\" data-id=\"555ad32\" data-element_type=\"widget\" data-widget_type=\"divider.default\">\n\t\t\t\t<div class=\"elementor-widget-container\">\n\t\t\t\t\t<div class=\"elementor-divider\">\n\t\t\t<span class=\"elementor-divider-separator\">\n\t\t\t\t\t\t<\/span>\n\t\t<\/div>\n\t\t\t\t<\/div>\n\t\t\t\t<\/div>\n\t\t\t\t\t<\/div>\n\t\t<\/div>\n\t\t\t\t\t\t\t<\/div>\n\t\t<\/section>\n\t\t\t\t<section class=\"elementor-section elementor-top-section elementor-element elementor-element-bd03aba elementor-section-boxed elementor-section-height-default elementor-section-height-default\" data-id=\"bd03aba\" data-element_type=\"section\">\n\t\t\t\t\t\t<div class=\"elementor-container elementor-column-gap-default\">\n\t\t\t\t\t<div class=\"elementor-column elementor-col-100 elementor-top-column elementor-element elementor-element-75d690d\" data-id=\"75d690d\" data-element_type=\"column\">\n\t\t\t<div class=\"elementor-widget-wrap elementor-element-populated\">\n\t\t\t\t\t\t\t\t\t<\/div>\n\t\t<\/div>\n\t\t\t\t\t\t\t<\/div>\n\t\t<\/section>\n\t\t\t\t<section class=\"elementor-section elementor-top-section elementor-element elementor-element-d0f4f8e elementor-section-boxed elementor-section-height-default elementor-section-height-default\" data-id=\"d0f4f8e\" data-element_type=\"section\">\n\t\t\t\t\t\t<div class=\"elementor-container elementor-column-gap-default\">\n\t\t\t\t\t<div class=\"elementor-column elementor-col-100 elementor-top-column elementor-element elementor-element-5c173af\" data-id=\"5c173af\" data-element_type=\"column\">\n\t\t\t<div class=\"elementor-widget-wrap elementor-element-populated\">\n\t\t\t\t\t\t\t\t<div class=\"elementor-element elementor-element-f715876 elementor-widget-divider--view-line elementor-widget elementor-widget-divider\" data-id=\"f715876\" data-element_type=\"widget\" data-widget_type=\"divider.default\">\n\t\t\t\t<div class=\"elementor-widget-container\">\n\t\t\t\t\t<div class=\"elementor-divider\">\n\t\t\t<span class=\"elementor-divider-separator\">\n\t\t\t\t\t\t<\/span>\n\t\t<\/div>\n\t\t\t\t<\/div>\n\t\t\t\t<\/div>\n\t\t\t\t\t<\/div>\n\t\t<\/div>\n\t\t\t\t\t\t\t<\/div>\n\t\t<\/section>\n\t\t\t\t<section class=\"elementor-section elementor-top-section elementor-element elementor-element-9073edb elementor-section-boxed elementor-section-height-default elementor-section-height-default\" data-id=\"9073edb\" data-element_type=\"section\">\n\t\t\t\t\t\t<div class=\"elementor-container elementor-column-gap-default\">\n\t\t\t\t\t<div class=\"elementor-column elementor-col-100 elementor-top-column elementor-element elementor-element-a7ec0aa\" data-id=\"a7ec0aa\" data-element_type=\"column\">\n\t\t\t<div class=\"elementor-widget-wrap elementor-element-populated\">\n\t\t\t\t\t\t\t\t<div class=\"elementor-element elementor-element-98fa1cd elementor-widget elementor-widget-wp-widget-bwp-actu-widget\" data-id=\"98fa1cd\" data-element_type=\"widget\" data-widget_type=\"wp-widget-bwp-actu-widget.default\">\n\t\t\t\t<div class=\"elementor-widget-container\">\n\t\t\t                        <h5>Actualiteit<\/h5>          <div class=\"actuagendawidgetflex\">\r\n                    \r\n                <div class=\"actuagendawidget\">\r\n               <div class=\"actuagendaimg\"><a href=\"https:\/\/www.intal.be\/nl\/urgence-rdc-lue-complice-du-pillage-et-des-massacres\/\"> <img width=\"300\" height=\"170\" src=\"https:\/\/www.intal.be\/wp-content\/uploads\/2025\/02\/Complicity-534-x-300-px-1-300x170.png\" class=\"attachment-seizeneufsmall size-seizeneufsmall wp-post-image\" alt=\"\" loading=\"lazy\" srcset=\"https:\/\/www.intal.be\/wp-content\/uploads\/2025\/02\/Complicity-534-x-300-px-1-300x170.png 300w, https:\/\/www.intal.be\/wp-content\/uploads\/2025\/02\/Complicity-534-x-300-px-1.png 534w\" sizes=\"(max-width: 300px) 100vw, 300px\" \/><\/a><\/div>\r\n                    <h5><a href=\"https:\/\/www.intal.be\/nl\/urgence-rdc-lue-complice-du-pillage-et-des-massacres\/\">NOODSITUATIE IN DE DRC: DE EU MEDEPLICHTIG AAN PLUNDERING EN MASSAMOORD<\/a><\/h5>\r\n               \r\n           <div class=\"actuagendaimgdate\">19\/02\/25<\/div>\r\n\r\n                <\/div>\r\n                    \r\n                <div class=\"actuagendawidget\">\r\n               <div class=\"actuagendaimg\"><a href=\"https:\/\/www.intal.be\/nl\/campus-intal-2025\/\"> <img width=\"300\" height=\"170\" src=\"https:\/\/www.intal.be\/wp-content\/uploads\/2025\/01\/Banner-Google-Form-INTAL-CAMPUS-Site-Web-300x170.png\" class=\"attachment-seizeneufsmall size-seizeneufsmall wp-post-image\" alt=\"\" loading=\"lazy\" srcset=\"https:\/\/www.intal.be\/wp-content\/uploads\/2025\/01\/Banner-Google-Form-INTAL-CAMPUS-Site-Web-300x170.png 300w, https:\/\/www.intal.be\/wp-content\/uploads\/2025\/01\/Banner-Google-Form-INTAL-CAMPUS-Site-Web.png 683w\" sizes=\"(max-width: 300px) 100vw, 300px\" \/><\/a><\/div>\r\n                    <h5><a href=\"https:\/\/www.intal.be\/nl\/campus-intal-2025\/\">INTAL CAMPUS 2025<\/a><\/h5>\r\n               \r\n           <div class=\"actuagendaimgdate\">29\/01\/25<\/div>\r\n\r\n                <\/div>\r\n                    \r\n                <div class=\"actuagendawidget\">\r\n               <div class=\"actuagendaimg\"><a href=\"https:\/\/www.intal.be\/nl\/kroniek-van-een-aangekondigde-crisis-in-congo\/\"> <img width=\"300\" height=\"170\" src=\"https:\/\/www.intal.be\/wp-content\/uploads\/2023\/12\/congo-mine--300x170.jpeg\" class=\"attachment-seizeneufsmall size-seizeneufsmall wp-post-image\" alt=\"\" loading=\"lazy\" \/><\/a><\/div>\r\n                    <h5><a href=\"https:\/\/www.intal.be\/nl\/kroniek-van-een-aangekondigde-crisis-in-congo\/\">Kroniek van een aangekondigde crisis in Congo<\/a><\/h5>\r\n               \r\n           <div class=\"actuagendaimgdate\">15\/12\/23<\/div>\r\n\r\n                <\/div>\r\n                    \r\n                <div class=\"actuagendawidget\">\r\n               <div class=\"actuagendaimg\"><a href=\"https:\/\/www.intal.be\/nl\/ce-qui-se-passe-au-niger-est-loin-detre-un-coup-detat-classique\/\"> <img width=\"300\" height=\"170\" src=\"https:\/\/www.intal.be\/wp-content\/uploads\/2023\/08\/Niger-CNSP-Abas-France-300x170.jpeg\" class=\"attachment-seizeneufsmall size-seizeneufsmall wp-post-image\" alt=\"\" loading=\"lazy\" srcset=\"https:\/\/www.intal.be\/wp-content\/uploads\/2023\/08\/Niger-CNSP-Abas-France-300x170.jpeg 300w, https:\/\/www.intal.be\/wp-content\/uploads\/2023\/08\/Niger-CNSP-Abas-France-1024x576.jpeg 1024w, https:\/\/www.intal.be\/wp-content\/uploads\/2023\/08\/Niger-CNSP-Abas-France-768x432.jpeg 768w, https:\/\/www.intal.be\/wp-content\/uploads\/2023\/08\/Niger-CNSP-Abas-France.jpeg 1100w\" sizes=\"(max-width: 300px) 100vw, 300px\" \/><\/a><\/div>\r\n                    <h5><a href=\"https:\/\/www.intal.be\/nl\/ce-qui-se-passe-au-niger-est-loin-detre-un-coup-detat-classique\/\">Ce qui se passe au Niger est loin d&#8217;\u00eatre un coup d&#8217;\u00c9tat classique<\/a><\/h5>\r\n               \r\n           <div class=\"actuagendaimgdate\">17\/08\/23<\/div>\r\n\r\n                <\/div>\r\n                    \r\n                <div class=\"actuagendawidget\">\r\n               <div class=\"actuagendaimg\"><a href=\"https:\/\/www.intal.be\/nl\/intalmanifiesta-le-programme-2023\/\"> <img width=\"300\" height=\"170\" src=\"https:\/\/www.intal.be\/wp-content\/uploads\/2023\/07\/intal@MF-23--300x170.png\" class=\"attachment-seizeneufsmall size-seizeneufsmall wp-post-image\" alt=\"\" loading=\"lazy\" \/><\/a><\/div>\r\n                    <h5><a href=\"https:\/\/www.intal.be\/nl\/intalmanifiesta-le-programme-2023\/\">Intal@Manifiesta 2023 : Ontdek hier ons programma !<\/a><\/h5>\r\n               \r\n           <div class=\"actuagendaimgdate\">26\/07\/23<\/div>\r\n\r\n                <\/div>\r\n                    \r\n                <div class=\"actuagendawidget\">\r\n               <div class=\"actuagendaimg\"><a href=\"https:\/\/www.intal.be\/nl\/save-the-date-for-peace-doe-je-met-ons-mee\/\"> <img width=\"300\" height=\"170\" src=\"https:\/\/www.intal.be\/wp-content\/uploads\/2022\/09\/flyer-std-A5-site-300x170.jpg\" class=\"attachment-seizeneufsmall size-seizeneufsmall wp-post-image\" alt=\"\" loading=\"lazy\" \/><\/a><\/div>\r\n                    <h5><a href=\"https:\/\/www.intal.be\/nl\/save-the-date-for-peace-doe-je-met-ons-mee\/\">Save the date &#8211; Jouw intal agenda<\/a><\/h5>\r\n               \r\n           <div class=\"actuagendaimgdate\">31\/03\/23<\/div>\r\n\r\n                <\/div>\r\n                    \r\n                <div class=\"actuagendawidget\">\r\n               <div class=\"actuagendaimg\"><a href=\"https:\/\/www.intal.be\/nl\/communique-de-presse-pour-le-rapatriement-des-depouilles-des-ancetres-congolais\/\"> <img width=\"300\" height=\"170\" src=\"https:\/\/www.intal.be\/wp-content\/uploads\/2022\/11\/black-home-2-300x170.png\" class=\"attachment-seizeneufsmall size-seizeneufsmall wp-post-image\" alt=\"\" loading=\"lazy\" \/><\/a><\/div>\r\n                    <h5><a href=\"https:\/\/www.intal.be\/nl\/communique-de-presse-pour-le-rapatriement-des-depouilles-des-ancetres-congolais\/\">Communiqu\u00e9 de presse : Pour le rapatriement des d\u00e9pouilles des anc\u00eatres congolais<\/a><\/h5>\r\n               \r\n           <div class=\"actuagendaimgdate\">08\/11\/22<\/div>\r\n\r\n                <\/div>\r\n                    \r\n                <div class=\"actuagendawidget\">\r\n               <div class=\"actuagendaimg\"><a href=\"https:\/\/www.intal.be\/nl\/photoreportage-intal-manifiesta-2022\/\"> <img width=\"300\" height=\"170\" src=\"https:\/\/www.intal.be\/wp-content\/uploads\/2022\/10\/concert-intal-copie-300x170.jpg\" class=\"attachment-seizeneufsmall size-seizeneufsmall wp-post-image\" alt=\"\" loading=\"lazy\" srcset=\"https:\/\/www.intal.be\/wp-content\/uploads\/2022\/10\/concert-intal-copie-300x170.jpg 300w, https:\/\/www.intal.be\/wp-content\/uploads\/2022\/10\/concert-intal-copie-1024x577.jpg 1024w, https:\/\/www.intal.be\/wp-content\/uploads\/2022\/10\/concert-intal-copie-768x432.jpg 768w, https:\/\/www.intal.be\/wp-content\/uploads\/2022\/10\/concert-intal-copie-1536x865.jpg 1536w, https:\/\/www.intal.be\/wp-content\/uploads\/2022\/10\/concert-intal-copie.jpg 2048w\" sizes=\"(max-width: 300px) 100vw, 300px\" \/><\/a><\/div>\r\n                    <h5><a href=\"https:\/\/www.intal.be\/nl\/photoreportage-intal-manifiesta-2022\/\">Actieverslag: intal @ ManiFiesta 2022<\/a><\/h5>\r\n               \r\n           <div class=\"actuagendaimgdate\">04\/10\/22<\/div>\r\n\r\n                <\/div>\r\n                       <\/div>\r\n                        \t\t<\/div>\n\t\t\t\t<\/div>\n\t\t\t\t\t<\/div>\n\t\t<\/div>\n\t\t\t\t\t\t\t<\/div>\n\t\t<\/section>\n\t\t\t\t\t\t\t<\/div>\n\t\t","protected":false},"excerpt":{"rendered":"<p>Congo De Intal Congo groep zet zich in voor dekolonisatie, de bevordering van de internationale solidariteit en het anti-imperialisme.\u00a0 In de Belgische en Europese context zijn wij van mening dat de dekolonisatie een belangrijk instrument is om het systematische racisme in onze maatschappij te bestrijden. Terwijl het kolonialisme de exploitatie van de natuurlijke rijkdommen, het [&hellip;]<\/p>\n","protected":false},"author":1,"featured_media":0,"parent":495,"menu_order":0,"comment_status":"closed","ping_status":"closed","template":"elementor_header_footer","meta":[],"_links":{"self":[{"href":"https:\/\/www.intal.be\/nl\/wp-json\/wp\/v2\/pages\/488"}],"collection":[{"href":"https:\/\/www.intal.be\/nl\/wp-json\/wp\/v2\/pages"}],"about":[{"href":"https:\/\/www.intal.be\/nl\/wp-json\/wp\/v2\/types\/page"}],"author":[{"embeddable":true,"href":"https:\/\/www.intal.be\/nl\/wp-json\/wp\/v2\/users\/1"}],"replies":[{"embeddable":true,"href":"https:\/\/www.intal.be\/nl\/wp-json\/wp\/v2\/comments?post=488"}],"version-history":[{"count":9,"href":"https:\/\/www.intal.be\/nl\/wp-json\/wp\/v2\/pages\/488\/revisions"}],"predecessor-version":[{"id":1941,"href":"https:\/\/www.intal.be\/nl\/wp-json\/wp\/v2\/pages\/488\/revisions\/1941"}],"up":[{"embeddable":true,"href":"https:\/\/www.intal.be\/nl\/wp-json\/wp\/v2\/pages\/495"}],"wp:attachment":[{"href":"https:\/\/www.intal.be\/nl\/wp-json\/wp\/v2\/media?parent=488"}],"curies":[{"name":"wp","href":"https:\/\/api.w.org\/{rel}","templated":true}]}}