{"id":4862,"date":"2024-08-28T12:28:20","date_gmt":"2024-08-28T10:28:20","guid":{"rendered":"https:\/\/www.intal.be\/?page_id=4862"},"modified":"2025-07-23T10:39:14","modified_gmt":"2025-07-23T08:39:14","slug":"soutiens-nous","status":"publish","type":"page","link":"https:\/\/www.intal.be\/nl\/soutiens-nous\/","title":{"rendered":"steun ons"},"content":{"rendered":"<p>\n<div class=\"wpcf7 no-js\" id=\"wpcf7-f4914-o2\" lang=\"fr-FR\" dir=\"ltr\">\n<div class=\"screen-reader-response\"><p role=\"status\" aria-live=\"polite\" aria-atomic=\"true\"><\/p> <ul><\/ul><\/div>\n<form action=\"\/nl\/wp-json\/wp\/v2\/pages\/4862#wpcf7-f4914-o2\" method=\"post\" class=\"wpcf7-form init\" aria-label=\"Formulaire de contact\" novalidate=\"novalidate\" data-status=\"init\">\n<div style=\"display: none;\">\n<input type=\"hidden\" name=\"_wpcf7\" value=\"4914\" \/>\n<input type=\"hidden\" name=\"_wpcf7_version\" value=\"5.7.7\" \/>\n<input type=\"hidden\" name=\"_wpcf7_locale\" value=\"fr_FR\" \/>\n<input type=\"hidden\" name=\"_wpcf7_unit_tag\" value=\"wpcf7-f4914-o2\" \/>\n<input type=\"hidden\" name=\"_wpcf7_container_post\" value=\"0\" \/>\n<input type=\"hidden\" name=\"_wpcf7_posted_data_hash\" value=\"\" \/>\n<\/div>\n<p><span class=\"wpcf7-form-control-wrap\" data-name=\"Naam\"><input size=\"40\" class=\"wpcf7-form-control wpcf7-text wpcf7-validates-as-required\" aria-required=\"true\" aria-invalid=\"false\" placeholder=\"Naam - Nom\" value=\"\" type=\"text\" name=\"Naam\" \/><\/span>\n<\/p>\n<p><span class=\"wpcf7-form-control-wrap\" data-name=\"Voornaam\"><input size=\"40\" class=\"wpcf7-form-control wpcf7-text wpcf7-validates-as-required\" aria-required=\"true\" aria-invalid=\"false\" placeholder=\"Voornaam - Pr\u00e9nom\" value=\"\" type=\"text\" name=\"Voornaam\" \/><\/span>\n<\/p>\n<p><span class=\"wpcf7-form-control-wrap\" data-name=\"Postcode\"><input size=\"40\" class=\"wpcf7-form-control wpcf7-text wpcf7-validates-as-required\" aria-required=\"true\" aria-invalid=\"false\" placeholder=\"Postcode - Code postal\" value=\"\" type=\"text\" name=\"Postcode\" \/><\/span><span class=\"wpcf7-form-control-wrap\" data-name=\"Plaats\"><input size=\"40\" class=\"wpcf7-form-control wpcf7-text wpcf7-validates-as-required\" aria-required=\"true\" aria-invalid=\"false\" placeholder=\"Plaats - Ville\" value=\"\" type=\"text\" name=\"Plaats\" \/><\/span><span class=\"wpcf7-form-control-wrap\" data-name=\"straatnaam\"><input size=\"40\" class=\"wpcf7-form-control wpcf7-text wpcf7-validates-as-required\" aria-required=\"true\" aria-invalid=\"false\" placeholder=\"straatnaam + nummer - nom de rue + num\u00e9ro\" value=\"\" type=\"text\" name=\"straatnaam\" \/><\/span>\n<\/p>\n<p><span class=\"wpcf7-form-control-wrap\" data-name=\"Geboortedatum\"><input size=\"40\" class=\"wpcf7-form-control wpcf7-text wpcf7-validates-as-required\" aria-required=\"true\" aria-invalid=\"false\" placeholder=\"Geboortedatum (dd\/mm\/jjjj) - Date de naissance (jj\/mm\/aaaa)\" value=\"\" type=\"text\" name=\"Geboortedatum\" \/><\/span>\n<\/p>\n<p><span class=\"wpcf7-form-control-wrap\" data-name=\"email-594\"><input size=\"40\" class=\"wpcf7-form-control wpcf7-text wpcf7-email wpcf7-validates-as-required wpcf7-validates-as-email\" aria-required=\"true\" aria-invalid=\"false\" placeholder=\"E-mailadres - email\" value=\"\" type=\"email\" name=\"email-594\" \/><\/span>\n<\/p>\n<p><span class=\"wpcf7-form-control-wrap\" data-name=\"Telefoonnummer\"><input size=\"40\" class=\"wpcf7-form-control wpcf7-text wpcf7-validates-as-required\" aria-required=\"true\" aria-invalid=\"false\" placeholder=\"Telefoonnummer - num\u00e9ro de t\u00e9l\u00e9phone\" value=\"\" type=\"text\" name=\"Telefoonnummer\" \/><\/span>\n<\/p>\n<p><span class=\"wpcf7-form-control-wrap\" data-name=\"IBAN\"><input size=\"40\" class=\"wpcf7-form-control wpcf7-text wpcf7-validates-as-required\" aria-required=\"true\" aria-invalid=\"false\" placeholder=\"IBAN\" value=\"\" type=\"text\" name=\"IBAN\" \/><\/span>\n<\/p>\n<p><span class=\"wpcf7-form-control-wrap\" data-name=\"menu-990\"><select class=\"wpcf7-form-control wpcf7-select wpcf7-validates-as-required\" aria-required=\"true\" aria-invalid=\"false\" name=\"menu-990\"><option value=\"\">&#8212;Veuillez choisir une option&#8212;<\/option><option value=\"5\u20ac per maand\">5\u20ac per maand<\/option><option value=\"10\u20ac per maand\">10\u20ac per maand<\/option><option value=\"20\u20ac per maand\">20\u20ac per maand<\/option><option value=\"20\u20ac per jaar\">20\u20ac per jaar<\/option><option value=\"50\u20ac per jaar\">50\u20ac per jaar<\/option><option value=\"100\u20ac per jaar\">100\u20ac per jaar<\/option><option value=\"ander bedrag\">ander bedrag<\/option><\/select><\/span><br \/>\nOf<br \/>\n<span class=\"wpcf7-form-control-wrap\" data-name=\"number-456\"><input class=\"wpcf7-form-control wpcf7-number wpcf7-validates-as-number\" aria-invalid=\"false\" value=\"\" type=\"number\" name=\"number-456\" \/><\/span><br \/>\n<span class=\"wpcf7-form-control-wrap\" data-name=\"checkbox-737\"><span class=\"wpcf7-form-control wpcf7-checkbox wpcf7-validates-as-required wpcf7-exclusive-checkbox\"><span class=\"wpcf7-list-item first\"><label><input type=\"checkbox\" name=\"checkbox-737\" value=\"Per maand\" \/><span class=\"wpcf7-list-item-label\">Per maand<\/span><\/label><\/span><span class=\"wpcf7-list-item\"><label><input type=\"checkbox\" name=\"checkbox-737\" value=\"Per jaar\" \/><span class=\"wpcf7-list-item-label\">Per jaar<\/span><\/label><\/span><span class=\"wpcf7-list-item last\"><label><input type=\"checkbox\" name=\"checkbox-737\" value=\"Eenmaal (gift)\" \/><span class=\"wpcf7-list-item-label\">Eenmaal (gift)<\/span><\/label><\/span><\/span><\/span>\n<\/p>\n<p><span class=\"wpcf7-form-control-wrap\" data-name=\"checkbox-934\"><span class=\"wpcf7-form-control wpcf7-checkbox wpcf7-validates-as-required\"><span class=\"wpcf7-list-item first last\"><label><input type=\"checkbox\" name=\"checkbox-934[]\" value=\"Ja, ik geef intal Globalize Solidarity toestemming om een bankdomicili\u00ebring op te zetten.\" \/><span class=\"wpcf7-list-item-label\">Ja, ik geef intal Globalize Solidarity toestemming om een bankdomicili\u00ebring op te zetten.<\/span><\/label><\/span><\/span><\/span>\n<\/p>\n<p><div id=\"cf7sr-69e062e183798\" class=\"cf7sr-g-recaptcha\" data-theme=\"light\" data-type=\"image\" data-size=\"normal\" data-sitekey=\"6LcZH9IUAAAAADclkTSPKxkSK1fha1QgMiiXm39A\"><\/div><span class=\"wpcf7-form-control-wrap cf7sr-recaptcha\" data-name=\"cf7sr-recaptcha\"><input type=\"hidden\" name=\"cf7sr-recaptcha\" value=\"\" class=\"wpcf7-form-control\"><\/span><br \/>\n<input class=\"wpcf7-form-control has-spinner wpcf7-submit\" type=\"submit\" value=\"Verzenden - envoyer\" \/>\n<\/p><div class=\"wpcf7-response-output\" aria-hidden=\"true\"><\/div>\n<\/form>\n<\/div>\n<\/p>\n<h5><strong>Wil je liever een eenmalige gift doen? En op zoek<\/strong>\u00a0naar ons rekeningnummer, dat vind je hier:<br \/>\nintal BE44 5230 8068 1645.<\/h5>\n<p><em><span class=\"OYPEnA font-feature-liga-off font-feature-clig-off font-feature-calt-off text-decoration-none text-strikethrough-none\">Quand vous signez vous \u00eates d&#8217;accord que intal Globalize Solidarity asbl garde vos donn\u00e9es. Vous avez le droit de les r\u00e9clamer ou de les faire modifier ou effacer par mail ou par courrier postal \u00e0 info@intal.be ou intal, 53 ch. de Haecht, 1210 Bruxelles. Vous pouvez porter plainte \u00e0 la Comission vie priv\u00e9e si vous estimez que nous traitons vos donn\u00e9es de fa\u00e7on incorrecte. En savoir plus sur la politique de confidentialit\u00e9 : www.intal.be\/privacy<\/span><\/em><\/p>\n<p><em><span class=\"OYPEnA font-feature-liga-off font-feature-clig-off font-feature-calt-off text-decoration-none text-strikethrough-none\">Door dit in te vullen verklaar je je akkoord<\/span> <span class=\"OYPEnA font-feature-liga-off font-feature-clig-off font-feature-calt-off text-decoration-none text-strikethrough-none\">dat intal Globalize Solidarity vzw de door jou verstrekte gegevens bijhoudt. Je kan die gegevens opvragen, laten verbeteren en laten verwijderen. Dat kan per e-mail naar info@intal.be of per brief naar intal Haahtsesteenweg 53, 1210 Brussel . Als je vindt dat we je persoonsgegevens op een onrechtmatige manier verwerkt hebben kun je een klacht indienen bij de Privacycommissie. Meer over het privacybeleid : www.intal.be\/privacy<\/span><\/em><\/p>","protected":false},"excerpt":{"rendered":"<p>Wil je liever een eenmalige gift doen? En op zoek\u00a0naar ons rekeningnummer, dat vind je hier: intal BE44 5230 8068 1645. Quand vous signez vous \u00eates d&#8217;accord que intal Globalize Solidarity asbl garde vos donn\u00e9es. Vous avez le droit de les r\u00e9clamer ou de les faire modifier ou effacer par mail ou par courrier postal [&hellip;]<\/p>\n","protected":false},"author":28,"featured_media":0,"parent":0,"menu_order":0,"comment_status":"closed","ping_status":"closed","template":"","meta":[],"_links":{"self":[{"href":"https:\/\/www.intal.be\/nl\/wp-json\/wp\/v2\/pages\/4862"}],"collection":[{"href":"https:\/\/www.intal.be\/nl\/wp-json\/wp\/v2\/pages"}],"about":[{"href":"https:\/\/www.intal.be\/nl\/wp-json\/wp\/v2\/types\/page"}],"author":[{"embeddable":true,"href":"https:\/\/www.intal.be\/nl\/wp-json\/wp\/v2\/users\/28"}],"replies":[{"embeddable":true,"href":"https:\/\/www.intal.be\/nl\/wp-json\/wp\/v2\/comments?post=4862"}],"version-history":[{"count":16,"href":"https:\/\/www.intal.be\/nl\/wp-json\/wp\/v2\/pages\/4862\/revisions"}],"predecessor-version":[{"id":5143,"href":"https:\/\/www.intal.be\/nl\/wp-json\/wp\/v2\/pages\/4862\/revisions\/5143"}],"wp:attachment":[{"href":"https:\/\/www.intal.be\/nl\/wp-json\/wp\/v2\/media?parent=4862"}],"curies":[{"name":"wp","href":"https:\/\/api.w.org\/{rel}","templated":true}]}}