{"id":2498,"date":"2020-09-17T15:56:46","date_gmt":"2020-09-17T13:56:46","guid":{"rendered":"https:\/\/www.intal.be\/?page_id=2498"},"modified":"2022-04-12T10:20:09","modified_gmt":"2022-04-12T08:20:09","slug":"boycott-axa-la-compagnie-dassurance-de-lapartheid-israelien","status":"publish","type":"page","link":"https:\/\/www.intal.be\/nl\/campagne\/boycott-axa-la-compagnie-dassurance-de-lapartheid-israelien\/","title":{"rendered":"Boycott AXA : verzekeringsbedrijf van Isra\u00eblische apartheid"},"content":{"rendered":"\t\t<div data-elementor-type=\"wp-page\" data-elementor-id=\"2498\" class=\"elementor elementor-2498\">\n\t\t\t\t\t\t\t\t\t<section class=\"elementor-section elementor-top-section elementor-element elementor-element-29bfaefa elementor-section-boxed elementor-section-height-default elementor-section-height-default\" data-id=\"29bfaefa\" data-element_type=\"section\">\n\t\t\t\t\t\t<div class=\"elementor-container elementor-column-gap-default\">\n\t\t\t\t\t<div class=\"elementor-column elementor-col-100 elementor-top-column elementor-element elementor-element-87d5a13\" data-id=\"87d5a13\" data-element_type=\"column\">\n\t\t\t<div class=\"elementor-widget-wrap elementor-element-populated\">\n\t\t\t\t\t\t\t\t<div class=\"elementor-element elementor-element-67b2b3dc elementor-widget elementor-widget-text-editor\" data-id=\"67b2b3dc\" data-element_type=\"widget\" data-widget_type=\"text-editor.default\">\n\t\t\t\t<div class=\"elementor-widget-container\">\n\t\t\t\t\t\t\t<h3><\/p><p><\/p><h3><em>AXA maakt misbruik van de repressie van Palestijnen door Isra\u00ebl<\/em><\/h3><p>In 2015, toen de campagne &#8220;Stop AXA Assistance to Israeli Apartheid&#8221; werd gelanceerd, richtte de campagne zich op de Franse multinationale verzekeringsgigant AXA voor haar investeringen in Isra\u00eblische banken, die diep medeplichtig zijn aan Isra\u00ebls illegale nederzettingenonderneming op bezet Palestijns land, evenals in Elbit Systems, een grote Isra\u00eblische wapenfabrikant die Isra\u00eblische oorlogsmisdaden tegen Palestijnen faciliteert.<\/p><p>Op dat ogenblik had AXA aandelen in <a href=\"https:\/\/ccfd-terresolidaire.org\/rapport-les-liaisons-dangereuses-de-banques-francaises-avec-la-colonisation-israelienne\/\"> drie Isra\u00eblische banken<\/a> (Bank Hapoalim, Bank Leumi, Mizrahi Tefahot) en in <a href=\"https:\/\/www.bdsmovement.net\/news\/insurance-giant-axa-urged-end-support-israeli-war-crimes\">Elbit Systems<\/a>. AXA &#8211; via haar volle dochter AXA Investment Managers (AXA IM) en haar 64%-belang in AXA Equitable Holding (AXA EHQ) &#8211; investeerde ook in de vijf belangrijkste Isra\u00eblische banken (Bank Hapoalim, Bank Leumi, First International Bank of Israel, Israel Discount Bank, Mizrahi Tefahot Bank).<\/p><p>Sindsdien heeft AXA een mix van investerings- en desinvesteringsbeslissingen genomen (zie mijlpalen), terwijl de VN-Mensenrechtenraad in 2020 al deze Isra\u00eblische banken opnam in de VN-databank van commerci\u00eble ondernemingen die betrokken zijn bij de illegale nederzettingen van Isra\u00ebl.<\/p><p><a href=\"https:\/\/bdsmovement.net\/news\/axa-closely-watched-for-its-complicity-in-israel-apartheid\">Meer recent<\/a> (mei 2021) was AXA nog aandeelhouder in twee Isra\u00eblische banken: Bank Leumi (5 miljoen US$) en Israel Discount Bank (1,2 miljoen US$). Het had niet opnieuw ge\u00efnvesteerd in Elbit Systems, waarvan het de aandelen in 2018 had verkocht. AXA verkocht ook bijna al haar aandelen in Equitable Holdings en behield slechts een miniem belang van 0,07% in een proces waarbij Equitable Holdings de <a href=\"https:\/\/www.wsj.com\/articles\/u-s-insurer-axa-equitable-leaves-axa-name-behind-11578952800\">groep AXA verliet<\/a> en terugkeerde naar haar oorspronkelijke naam EHQ.<\/p><p>Ondertussen blijkt uit een nieuw onderzoeksrapport van de maatschappelijke coalitie \u00ab\u00a0<a href=\"https:\/\/dontbuyintooccupation.org\/\">Don\u2019t Buy Into Occupation\u00a0\u00bb<\/a> (DBIO) waarvan intal lid is, dat AXA vanaf mei 2021 ook investeerde in andere bedrijven die betrokken zijn bij illegale Isra\u00eblische nederzettingen, waaronder General Mills, Manitou, CETCO Mineral Technology Group, RE\/MAX Holdings, Solvay en Terex. Met een totale investering van 845 miljoen dollar plaatste DBIO AXA op de 30ste plaats in de top 100 van Europese investeerders in Isra\u00ebls illegale nederzettingen.<\/p><p>Laten we druk blijven uitoefenen. Doe mee met onze acties!<\/p><p>De campagne Stop AXA Assistance to Israeli Apartheid roept individuen, organisaties en instellingen over de hele wereld op om AXA te boycotten totdat zij haar medeplichtigheid aan de Isra\u00eblische apartheid en de schendingen van de mensenrechten in Palestina be\u00ebindigt. De campagne wordt in Europa gesteund door <a href=\"https:\/\/www.bdsmovement.net\/news\/over-230-organizations-trade-unions-and-businesses-pledge-boycott-axa\">meer dan 250 organisaties en 10 000 personnen<\/a>. In Belgi\u00eb wordt de campagne gesteund door ABP, Cubanismo.be, CNAPD, Globalize Solidarity, ManiFiesta festival, Palestina Solidariteit, Viva Salud, Vrede vzw.<\/p><p><\/p>\t\t\t\t\t\t<\/div>\n\t\t\t\t<\/div>\n\t\t\t\t\t<\/div>\n\t\t<\/div>\n\t\t\t\t\t\t\t<\/div>\n\t\t<\/section>\n\t\t\t\t<section class=\"elementor-section elementor-top-section elementor-element elementor-element-bc0d10d elementor-section-boxed elementor-section-height-default elementor-section-height-default\" data-id=\"bc0d10d\" data-element_type=\"section\">\n\t\t\t\t\t\t<div class=\"elementor-container elementor-column-gap-default\">\n\t\t\t\t\t<div class=\"elementor-column elementor-col-100 elementor-top-column elementor-element elementor-element-a1ddbfd\" data-id=\"a1ddbfd\" data-element_type=\"column\">\n\t\t\t<div class=\"elementor-widget-wrap elementor-element-populated\">\n\t\t\t\t\t\t\t\t<div class=\"elementor-element elementor-element-3cd7af8 elementor-widget elementor-widget-wp-widget-bwp-actucamp-widget\" data-id=\"3cd7af8\" data-element_type=\"widget\" data-widget_type=\"wp-widget-bwp-actucamp-widget.default\">\n\t\t\t\t<div class=\"elementor-widget-container\">\n\t\t\t                        <h5>Actualiteit<\/h5>          <div class=\"actuagendawidgetflex\">\r\n                    \r\n                <div class=\"actuagendawidget\">\r\n               <div class=\"actuagendaimg\"><a href=\"https:\/\/www.intal.be\/nl\/oproep-stop-mee-de-container-geen-wapens-voor-genocide\/\"> <img width=\"300\" height=\"170\" src=\"https:\/\/www.intal.be\/wp-content\/uploads\/2025\/07\/Final-Slide-1-2-300x170.png\" class=\"attachment-seizeneufsmall size-seizeneufsmall wp-post-image\" alt=\"\" loading=\"lazy\" \/><\/a><\/div>\r\n                    <h5><a href=\"https:\/\/www.intal.be\/nl\/oproep-stop-mee-de-container-geen-wapens-voor-genocide\/\">OPROEP: Stop mee de container- geen wapens voor genocide<\/a><\/h5>\r\n               \r\n           <div class=\"actuagendaimgdate\">01\/07\/25<\/div>\r\n\r\n                <\/div>\r\n                    \r\n                <div class=\"actuagendawidget\">\r\n               <div class=\"actuagendaimg\"><a href=\"https:\/\/www.intal.be\/nl\/allo-axa-nous-avons-besoin-dune-aide-urgente\/\"> <img width=\"300\" height=\"170\" src=\"https:\/\/www.intal.be\/wp-content\/uploads\/2022\/04\/25-APRIL-GLOBAL-DAY-OF-ACTION-300x170.jpg\" class=\"attachment-seizeneufsmall size-seizeneufsmall wp-post-image\" alt=\"\" loading=\"lazy\" srcset=\"https:\/\/www.intal.be\/wp-content\/uploads\/2022\/04\/25-APRIL-GLOBAL-DAY-OF-ACTION-300x170.jpg 300w, https:\/\/www.intal.be\/wp-content\/uploads\/2022\/04\/25-APRIL-GLOBAL-DAY-OF-ACTION-768x432.jpg 768w, https:\/\/www.intal.be\/wp-content\/uploads\/2022\/04\/25-APRIL-GLOBAL-DAY-OF-ACTION-1024x576.jpg 1024w, https:\/\/www.intal.be\/wp-content\/uploads\/2022\/04\/25-APRIL-GLOBAL-DAY-OF-ACTION.jpg 1600w\" sizes=\"(max-width: 300px) 100vw, 300px\" \/><\/a><\/div>\r\n                    <h5><a href=\"https:\/\/www.intal.be\/nl\/allo-axa-nous-avons-besoin-dune-aide-urgente\/\">Hallo AXA ? Wij hebben dringend hulp nodig<\/a><\/h5>\r\n               \r\n           <div class=\"actuagendaimgdate\">12\/04\/22<\/div>\r\n\r\n                <\/div>\r\n                    \r\n                <div class=\"actuagendawidget\">\r\n               <div class=\"actuagendaimg\"><a href=\"https:\/\/www.intal.be\/nl\/stop-de-betrokkenheid-met-israelische-apartheid-steun-de-eis-voor-sancties\/\"> <img width=\"300\" height=\"170\" src=\"https:\/\/www.intal.be\/wp-content\/uploads\/2022\/01\/Palestine-will-be-free-300x170.jpg\" class=\"attachment-seizeneufsmall size-seizeneufsmall wp-post-image\" alt=\"\" loading=\"lazy\" \/><\/a><\/div>\r\n                    <h5><a href=\"https:\/\/www.intal.be\/nl\/stop-de-betrokkenheid-met-israelische-apartheid-steun-de-eis-voor-sancties\/\">Stop de betrokkenheid met Isra\u00eblische apartheid : Sancties nu!<\/a><\/h5>\r\n               \r\n           <div class=\"actuagendaimgdate\">20\/01\/22<\/div>\r\n\r\n                <\/div>\r\n                    \r\n                <div class=\"actuagendawidget\">\r\n               <div class=\"actuagendaimg\"><a href=\"https:\/\/www.intal.be\/nl\/colonisation-israelienne-un-rapport-met-en-evidence-limplication-dentreprises-belges\/\"> <img width=\"300\" height=\"170\" src=\"https:\/\/www.intal.be\/wp-content\/uploads\/2021\/09\/DBIO-Recommendationslogo-300x170.jpg\" class=\"attachment-seizeneufsmall size-seizeneufsmall wp-post-image\" alt=\"\" loading=\"lazy\" \/><\/a><\/div>\r\n                    <h5><a href=\"https:\/\/www.intal.be\/nl\/colonisation-israelienne-un-rapport-met-en-evidence-limplication-dentreprises-belges\/\">Belgische banken investeren in illegale Isra\u00eblische nederzettingen in Palestina<\/a><\/h5>\r\n               \r\n           <div class=\"actuagendaimgdate\">29\/09\/21<\/div>\r\n\r\n                <\/div>\r\n                    \r\n                <div class=\"actuagendawidget\">\r\n               <div class=\"actuagendaimg\"><a href=\"https:\/\/www.intal.be\/nl\/des-organisations-denoncent-les-liens-entre-axa-et-lapartheid-israelien\/\"> <img width=\"300\" height=\"170\" src=\"https:\/\/www.intal.be\/wp-content\/uploads\/2021\/04\/fotoAXABxl-300x170.jpg\" class=\"attachment-seizeneufsmall size-seizeneufsmall wp-post-image\" alt=\"\" loading=\"lazy\" \/><\/a><\/div>\r\n                    <h5><a href=\"https:\/\/www.intal.be\/nl\/des-organisations-denoncent-les-liens-entre-axa-et-lapartheid-israelien\/\">intal klaagt banden aan tussen AXA en Isra\u00eblische apartheid<\/a><\/h5>\r\n               \r\n           <div class=\"actuagendaimgdate\">28\/04\/21<\/div>\r\n\r\n                <\/div>\r\n                    \r\n                <div class=\"actuagendawidget\">\r\n               <div class=\"actuagendaimg\"><a href=\"https:\/\/www.intal.be\/nl\/axa-blijft-investeren-in-de-israelische-apartheid-boycot-axa-nu\/\"> <img width=\"300\" height=\"170\" src=\"https:\/\/www.intal.be\/wp-content\/uploads\/2021\/04\/BoycottAxa_update-300x170.jpg\" class=\"attachment-seizeneufsmall size-seizeneufsmall wp-post-image\" alt=\"\" loading=\"lazy\" \/><\/a><\/div>\r\n                    <h5><a href=\"https:\/\/www.intal.be\/nl\/axa-blijft-investeren-in-de-israelische-apartheid-boycot-axa-nu\/\">AXA blijft investeren in de Isra\u00eblische apartheid. Boycot AXA nu!<\/a><\/h5>\r\n               \r\n           <div class=\"actuagendaimgdate\">09\/04\/21<\/div>\r\n\r\n                <\/div>\r\n                    \r\n                <div class=\"actuagendawidget\">\r\n               <div class=\"actuagendaimg\"><a href=\"https:\/\/www.intal.be\/nl\/israel-leader-mondial-de-la-vaccination\/\"> <img width=\"300\" height=\"170\" src=\"https:\/\/www.intal.be\/wp-content\/uploads\/2021\/03\/vaccin-300x170.jpg\" class=\"attachment-seizeneufsmall size-seizeneufsmall wp-post-image\" alt=\"\" loading=\"lazy\" \/><\/a><\/div>\r\n                    <h5><a href=\"https:\/\/www.intal.be\/nl\/israel-leader-mondial-de-la-vaccination\/\">Isra\u00ebl blijft wereldleider in apartheid<\/a><\/h5>\r\n               \r\n           <div class=\"actuagendaimgdate\">11\/03\/21<\/div>\r\n\r\n                <\/div>\r\n                    \r\n                <div class=\"actuagendawidget\">\r\n               <div class=\"actuagendaimg\"><a href=\"https:\/\/www.intal.be\/nl\/petition-covid-19-en-israel-et-palestine-non-a-lapartheid-sanitaire\/\"> <img width=\"300\" height=\"170\" src=\"https:\/\/www.intal.be\/wp-content\/uploads\/2021\/01\/CovidIsraelNL-300x170.png\" class=\"attachment-seizeneufsmall size-seizeneufsmall wp-post-image\" alt=\"\" loading=\"lazy\" \/><\/a><\/div>\r\n                    <h5><a href=\"https:\/\/www.intal.be\/nl\/petition-covid-19-en-israel-et-palestine-non-a-lapartheid-sanitaire\/\">Petitie : Stop Isra\u00eblische gezondheidsapartheid<\/a><\/h5>\r\n               \r\n           <div class=\"actuagendaimgdate\">13\/01\/21<\/div>\r\n\r\n                <\/div>\r\n                       <\/div>\r\n                        \t\t<\/div>\n\t\t\t\t<\/div>\n\t\t\t\t\t<\/div>\n\t\t<\/div>\n\t\t\t\t\t\t\t<\/div>\n\t\t<\/section>\n\t\t\t\t\t\t\t<\/div>\n\t\t","protected":false},"excerpt":{"rendered":"<p>AXA maakt misbruik van de repressie van Palestijnen door Isra\u00ebl In 2015, toen de campagne &#8220;Stop AXA Assistance to Israeli Apartheid&#8221; werd gelanceerd, richtte de campagne zich op de Franse multinationale verzekeringsgigant AXA voor haar investeringen in Isra\u00eblische banken, die diep medeplichtig zijn aan Isra\u00ebls illegale nederzettingenonderneming op bezet Palestijns land, evenals in Elbit Systems, [&hellip;]<\/p>\n","protected":false},"author":2,"featured_media":2502,"parent":164,"menu_order":0,"comment_status":"closed","ping_status":"closed","template":"","meta":[],"_links":{"self":[{"href":"https:\/\/www.intal.be\/nl\/wp-json\/wp\/v2\/pages\/2498"}],"collection":[{"href":"https:\/\/www.intal.be\/nl\/wp-json\/wp\/v2\/pages"}],"about":[{"href":"https:\/\/www.intal.be\/nl\/wp-json\/wp\/v2\/types\/page"}],"author":[{"embeddable":true,"href":"https:\/\/www.intal.be\/nl\/wp-json\/wp\/v2\/users\/2"}],"replies":[{"embeddable":true,"href":"https:\/\/www.intal.be\/nl\/wp-json\/wp\/v2\/comments?post=2498"}],"version-history":[{"count":34,"href":"https:\/\/www.intal.be\/nl\/wp-json\/wp\/v2\/pages\/2498\/revisions"}],"predecessor-version":[{"id":3793,"href":"https:\/\/www.intal.be\/nl\/wp-json\/wp\/v2\/pages\/2498\/revisions\/3793"}],"up":[{"embeddable":true,"href":"https:\/\/www.intal.be\/nl\/wp-json\/wp\/v2\/pages\/164"}],"wp:featuredmedia":[{"embeddable":true,"href":"https:\/\/www.intal.be\/nl\/wp-json\/wp\/v2\/media\/2502"}],"wp:attachment":[{"href":"https:\/\/www.intal.be\/nl\/wp-json\/wp\/v2\/media?parent=2498"}],"curies":[{"name":"wp","href":"https:\/\/api.w.org\/{rel}","templated":true}]}}